 {"id":8,"date":"2022-05-05T10:14:46","date_gmt":"2022-05-05T08:14:46","guid":{"rendered":"https:\/\/www.onlineshop-skoda.de\/?page_id=8"},"modified":"2022-05-06T10:55:48","modified_gmt":"2022-05-06T08:55:48","slug":"ueber-onlineshop-skoda","status":"publish","type":"page","link":"https:\/\/www.onlineshop-skoda.de\/index.php\/ueber-onlineshop-skoda\/","title":{"rendered":"\u00dcber Onlineshop-Skoda"},"content":{"rendered":"\n<p>Onlineshop-Skoda ist eine Artikel-Sharing-Plattform mit dem Zweck, einen guten Artikel zu teilen, f\u00fcr Gruppen, die sich \u00fcber Outdoor-Ger\u00e4te, Innenarchitektur, Dekoration, Haushaltsger\u00e4te und andere Informationen informieren m\u00f6chten.<\/p>\n\n\n\n<div class=\"wp-block-image\"><figure class=\"aligncenter size-large is-resized\"><a href=\"https:\/\/www.onlineshop-skoda.de\/\"><img decoding=\"async\" src=\"https:\/\/www.onlineshop-skoda.de\/wp-content\/uploads\/2022\/05\/1-1024x1024.webp\" alt=\"\u00dcber Onlineshop-Skoda\" class=\"wp-image-10\" width=\"400\" srcset=\"https:\/\/www.onlineshop-skoda.de\/wp-content\/uploads\/2022\/05\/1-1024x1024.webp 1024w, https:\/\/www.onlineshop-skoda.de\/wp-content\/uploads\/2022\/05\/1-300x300.webp 300w, https:\/\/www.onlineshop-skoda.de\/wp-content\/uploads\/2022\/05\/1-150x150.webp 150w, https:\/\/www.onlineshop-skoda.de\/wp-content\/uploads\/2022\/05\/1-768x768.webp 768w, https:\/\/www.onlineshop-skoda.de\/wp-content\/uploads\/2022\/05\/1-1536x1536.webp 1536w, https:\/\/www.onlineshop-skoda.de\/wp-content\/uploads\/2022\/05\/1.webp 1600w\" sizes=\"(max-width: 1024px) 100vw, 1024px\" \/><\/a><\/figure><\/div>\n\n\n\n<p>Hier teilen wir verschiedene praktische Artikel in Form von Kolumnen, die in Kategorien wie Outdoor, Innenarchitektur, Dekoration, Haushaltsger\u00e4te usw. unterteilt sind. Sie k\u00f6nnen sich \u00fcber alles rund um Outdoor-Design, Innendekoration oder die neuesten Modetrends informieren , etc. relevante Informationen. W\u00e4hrend Sie durch den Artikel bl\u00e4ttern, k\u00f6nnen Sie mit einem Klick auf ein bestimmtes Bild auch auf die entsprechende Detailseite springen und sich so sofort \u00fcber Ihre Lieblingsartikel informieren.<\/p>\n\n\n\n<div class=\"wp-block-image is-style-default\"><figure class=\"aligncenter size-large is-resized\"><a href=\"https:\/\/www.wayfair.com\/outdoor\/pdp\/rta-outdoor-living-96-5-piece-4-burner-bbq-grill-islands-rtao1024.html\" target=\"_blank\" rel=\"noopener\"><img decoding=\"async\" src=\"https:\/\/www.onlineshop-skoda.de\/wp-content\/uploads\/2022\/05\/2-1024x576.jpg\" alt=\"\u00dcber Onlineshop-Skoda\" class=\"wp-image-11\" width=\"400\" srcset=\"https:\/\/www.onlineshop-skoda.de\/wp-content\/uploads\/2022\/05\/2-1024x576.jpg 1024w, https:\/\/www.onlineshop-skoda.de\/wp-content\/uploads\/2022\/05\/2-300x169.jpg 300w, https:\/\/www.onlineshop-skoda.de\/wp-content\/uploads\/2022\/05\/2-768x432.jpg 768w, https:\/\/www.onlineshop-skoda.de\/wp-content\/uploads\/2022\/05\/2-1536x864.jpg 1536w, https:\/\/www.onlineshop-skoda.de\/wp-content\/uploads\/2022\/05\/2-2048x1152.jpg 2048w\" sizes=\"(max-width: 1024px) 100vw, 1024px\" \/><\/a><\/figure><\/div>\n\n\n\n<p>In Zukunft werden wir weitere praktische Artikel herausbringen, einen ausgew\u00e4hlten Artikel pro Tag, um Ihre Verwirrung zu l\u00f6sen; einen ausgew\u00e4hlten Artikel pro Tag, um Ihr Leben und Ihre Arbeit einfacher zu machen.<\/p>\n\n\n\n<p><\/p>\n","protected":false},"excerpt":{"rendered":"<p>Onlineshop-Skoda ist eine Artikel-Sharing-Plattform mit dem Zweck, einen guten Artikel zu teilen, f\u00fcr Gruppen, die sich \u00fcber Outdoor-Ger\u00e4te, Innenarchitektur, Dekoration, Haushaltsger\u00e4te und andere Informationen informieren m\u00f6chten. Hier teilen wir verschiedene praktische Artikel in Form von Kolumnen, die in Kategorien wie Outdoor, Innenarchitektur, Dekoration, Haushaltsger\u00e4te usw. unterteilt sind. Sie k\u00f6nnen sich \u00fcber alles rund um Outdoor-Design, [&hellip;]<\/p>\n","protected":false},"author":1,"featured_media":0,"parent":0,"menu_order":0,"comment_status":"closed","ping_status":"closed","template":"","meta":{"footnotes":""},"class_list":["post-8","page","type-page","status-publish","hentry"],"_links":{"self":[{"href":"https:\/\/www.onlineshop-skoda.de\/index.php\/wp-json\/wp\/v2\/pages\/8","targetHints":{"allow":["GET"]}}],"collection":[{"href":"https:\/\/www.onlineshop-skoda.de\/index.php\/wp-json\/wp\/v2\/pages"}],"about":[{"href":"https:\/\/www.onlineshop-skoda.de\/index.php\/wp-json\/wp\/v2\/types\/page"}],"author":[{"embeddable":true,"href":"https:\/\/www.onlineshop-skoda.de\/index.php\/wp-json\/wp\/v2\/users\/1"}],"replies":[{"embeddable":true,"href":"https:\/\/www.onlineshop-skoda.de\/index.php\/wp-json\/wp\/v2\/comments?post=8"}],"version-history":[{"count":3,"href":"https:\/\/www.onlineshop-skoda.de\/index.php\/wp-json\/wp\/v2\/pages\/8\/revisions"}],"predecessor-version":[{"id":162,"href":"https:\/\/www.onlineshop-skoda.de\/index.php\/wp-json\/wp\/v2\/pages\/8\/revisions\/162"}],"wp:attachment":[{"href":"https:\/\/www.onlineshop-skoda.de\/index.php\/wp-json\/wp\/v2\/media?parent=8"}],"curies":[{"name":"wp","href":"https:\/\/api.w.org\/{rel}","templated":true}]}}